{"id":963,"date":"2023-04-19T07:07:28","date_gmt":"2023-04-19T05:07:28","guid":{"rendered":"https:\/\/consmelbourne.esteri.it\/?page_id=963"},"modified":"2024-06-12T07:50:21","modified_gmt":"2024-06-12T05:50:21","slug":"cittadinanza-italiana","status":"publish","type":"page","link":"https:\/\/consmelbourne.esteri.it\/it\/servizi-consolari-e-visti\/servizi-per-il-cittadino-straniero\/cittadinanza-italiana\/","title":{"rendered":"Cittadinanza italiana"},"content":{"rendered":"<p style=\"text-align: justify;\">La cittadinanza italiana \u00e8 uno specifico stato legale, denominato status civitatis, che indica il rapporto tra un individuo e lo Stato.<\/p>\n<p style=\"text-align: justify;\">Essere cittadini e cittadine italiane non vuol dire soltanto avere specifici diritti e doveri nei confronti dello Stato Italiano, ma vuole anche dire essere parte attiva della comunit\u00e0 e della vita del Paese.<\/p>\n<p style=\"text-align: justify;\">La cittadinanza italiana pu\u00f2 essere acquisita secondo diverse modalit\u00e0, tra le quali le pi\u00f9 comuni sono:<\/p>\n<ul style=\"text-align: justify;\">\n<li><a href=\"https:\/\/consmelbourne.esteri.it\/it\/servizi-consolari-e-visti\/servizi-per-il-cittadino-straniero\/cittadinanza-per-discendenza\/\" target=\"_blank\" rel=\"noopener\">RICONOSCIMENTO DELLA CITTADINANZA ITALIANA PER DISCENDENZA<\/a><\/li>\n<li><a href=\"https:\/\/consmelbourne.esteri.it\/it\/servizi-consolari-e-visti\/servizi-per-il-cittadino-straniero\/cittadinanza-per-matrimonio\/\" target=\"_blank\" rel=\"noopener\">ACQUISIZIONE DELLA CITTADINANZA ITALIANA PER MATRIMONIO \/ UNIONE CIVILE <\/a><\/li>\n<li><a href=\"https:\/\/consmelbourne.esteri.it\/it\/servizi-consolari-e-visti\/servizi-per-il-cittadino-straniero\/riacquisto-della-cittadinanza\/\" target=\"_blank\" rel=\"noopener\">RIACQUISTO DELLA CITTADINANZA ITALIANA<\/a><\/li>\n<\/ul>\n<p style=\"text-align: justify;\"><strong><u>Puoi verificare il possesso dei requisiti per la cittadinanza italiana cliccando <a href=\"https:\/\/www.surveymonkey.com\/r\/Melbourne_Citizenship\">qui.<\/a><\/u><\/strong><\/p>\n<p>NOTA BENE:<\/p>\n<ul style=\"text-align: justify;\">\n<li><strong><u>L\u2019APPUNTAMENTO PER LA CITTADINANZA ITALIANA NON \u00c8 UN APPUNTAMENTO PER OTTENERE IL PASSAPORTO ITALIANO;<\/u><\/strong><\/li>\n<li><strong>PER LA RICHIESTA DI CITTADINANZA E DI PASSAPORTO, OCCORRE PRENOTARE <span style=\"text-decoration: underline;\">DUE APPUNTAMENTI SEPARATI<\/span><u>;<\/u><\/strong><\/li>\n<li><strong>GLI APPUNTAMENTI DEVONO ESSERE <a href=\"https:\/\/prenotami.esteri.it\/\">PRENOTATI<\/a> ESCLUSIVAMENTE DAL RICHIEDENTE;<\/strong><\/li>\n<li><strong><strong><u>SOLO SE SI \u00c8 CITTADINI ITALIANI \u00c8 POSSIBILE RICHIEDERE IL PASSAPORTO ITALIANO.<\/u><\/strong><\/strong>&nbsp;<\/li>\n<\/ul>\n<p style=\"text-align: justify;\">Per ulteriori informazioni relative alla cittadinanza italiana, si prega di consultare la pagina dedicata del sito del <a href=\"https:\/\/www.esteri.it\/it\/servizi-consolari-e-visti\/italiani-all-estero\/cittadinanza\/\" target=\"_blank\" rel=\"noopener\"><u>Ministero degli Affari Esteri e della Cooperazione Internazionale<\/u><u>.<\/u><\/a><\/p>\n<p style=\"text-align: justify;\">\n","protected":false},"excerpt":{"rendered":"La cittadinanza italiana \u00e8 uno specifico stato legale, denominato status civitatis, che indica il rapporto tra un individuo e lo Stato. Essere cittadini e cittadine italiane non vuol dire soltanto avere specifici diritti e doveri nei confronti dello Stato Italiano, ma vuole anche dire essere parte attiva della comunit\u00e0 e della vita del Paese. La [&hellip;]","protected":false},"author":6,"featured_media":0,"parent":83,"menu_order":0,"comment_status":"closed","ping_status":"closed","template":"","meta":{"footnotes":""},"class_list":["post-963","page","type-page","status-publish","hentry"],"_links":{"self":[{"href":"https:\/\/consmelbourne.esteri.it\/it\/wp-json\/wp\/v2\/pages\/963","targetHints":{"allow":["GET"]}}],"collection":[{"href":"https:\/\/consmelbourne.esteri.it\/it\/wp-json\/wp\/v2\/pages"}],"about":[{"href":"https:\/\/consmelbourne.esteri.it\/it\/wp-json\/wp\/v2\/types\/page"}],"author":[{"embeddable":true,"href":"https:\/\/consmelbourne.esteri.it\/it\/wp-json\/wp\/v2\/users\/6"}],"replies":[{"embeddable":true,"href":"https:\/\/consmelbourne.esteri.it\/it\/wp-json\/wp\/v2\/comments?post=963"}],"version-history":[{"count":6,"href":"https:\/\/consmelbourne.esteri.it\/it\/wp-json\/wp\/v2\/pages\/963\/revisions"}],"predecessor-version":[{"id":3631,"href":"https:\/\/consmelbourne.esteri.it\/it\/wp-json\/wp\/v2\/pages\/963\/revisions\/3631"}],"up":[{"embeddable":true,"href":"https:\/\/consmelbourne.esteri.it\/it\/wp-json\/wp\/v2\/pages\/83"}],"wp:attachment":[{"href":"https:\/\/consmelbourne.esteri.it\/it\/wp-json\/wp\/v2\/media?parent=963"}],"curies":[{"name":"wp","href":"https:\/\/api.w.org\/{rel}","templated":true}]}}