{"id":85,"date":"2023-01-17T16:53:14","date_gmt":"2023-01-17T15:53:14","guid":{"rendered":"https:\/\/consmelbourne.esteri.it\/?page_id=85"},"modified":"2023-05-25T06:28:12","modified_gmt":"2023-05-25T04:28:12","slug":"diplomazia-scientifica","status":"publish","type":"page","link":"https:\/\/consmelbourne.esteri.it\/it\/italia-e-australia\/diplomazia-scientifica\/","title":{"rendered":"Diplomazia scientifica"},"content":{"rendered":"<p style=\"text-align: justify;\">Il Ministero degli Affari Esteri e della Cooperazione Internazionale (MAECI) promuove l\u2019internazionalizzazione della ricerca italiana e la diplomazia scientifica, quali strumenti fondamentali per lo sviluppo della cooperazione tra l\u2019Italia e il resto del mondo.<\/p>\n<p style=\"text-align: justify;\">Alla base dell\u2019azione del MAECI la convinzione che non ci possa essere sviluppo economico senza innovazione e sostegno alla ricerca scientifica.<\/p>\n<p style=\"text-align: justify;\">Il mantenimento della competitivit\u00e0 nei mercati globali, sempre pi\u00f9 complessi, richiede la costante applicazione di nuove tecnologie ai processi produttivi, per ottenere prodotti innovativi ad alto valore aggiunto. Da questa convinzione, discende la consapevolezza della necessit\u00e0 di un sempre pi\u00f9 attento utilizzo di risorse in questo settore, quale investimento per la crescita del Paese, soprattutto nei settori pi\u00f9 innovativi, con ricadute positive in termini economici e commerciali.<\/p>\n<p style=\"text-align: justify;\">Per ulteriori informazioni sulla diplomazia scientifica italiana in Australia si rimanda al sito dell\u2019<a href=\"https:\/\/ambcanberra.esteri.it\/it\/italia-e-australia\/diplomazia-scientifica\/\" target=\"_blank\" rel=\"noopener\">Ambasciata d\u2019Italia a Canberra<\/a>.<\/p>\n<p style=\"text-align: justify;\">\n","protected":false},"excerpt":{"rendered":"Il Ministero degli Affari Esteri e della Cooperazione Internazionale (MAECI) promuove l\u2019internazionalizzazione della ricerca italiana e la diplomazia scientifica, quali strumenti fondamentali per lo sviluppo della cooperazione tra l\u2019Italia e il resto del mondo. Alla base dell\u2019azione del MAECI la convinzione che non ci possa essere sviluppo economico senza innovazione e sostegno alla ricerca scientifica. [&hellip;]","protected":false},"author":3,"featured_media":0,"parent":19,"menu_order":4,"comment_status":"closed","ping_status":"closed","template":"","meta":{"footnotes":""},"class_list":["post-85","page","type-page","status-publish","hentry"],"_links":{"self":[{"href":"https:\/\/consmelbourne.esteri.it\/it\/wp-json\/wp\/v2\/pages\/85","targetHints":{"allow":["GET"]}}],"collection":[{"href":"https:\/\/consmelbourne.esteri.it\/it\/wp-json\/wp\/v2\/pages"}],"about":[{"href":"https:\/\/consmelbourne.esteri.it\/it\/wp-json\/wp\/v2\/types\/page"}],"author":[{"embeddable":true,"href":"https:\/\/consmelbourne.esteri.it\/it\/wp-json\/wp\/v2\/users\/3"}],"replies":[{"embeddable":true,"href":"https:\/\/consmelbourne.esteri.it\/it\/wp-json\/wp\/v2\/comments?post=85"}],"version-history":[{"count":5,"href":"https:\/\/consmelbourne.esteri.it\/it\/wp-json\/wp\/v2\/pages\/85\/revisions"}],"predecessor-version":[{"id":1975,"href":"https:\/\/consmelbourne.esteri.it\/it\/wp-json\/wp\/v2\/pages\/85\/revisions\/1975"}],"up":[{"embeddable":true,"href":"https:\/\/consmelbourne.esteri.it\/it\/wp-json\/wp\/v2\/pages\/19"}],"wp:attachment":[{"href":"https:\/\/consmelbourne.esteri.it\/it\/wp-json\/wp\/v2\/media?parent=85"}],"curies":[{"name":"wp","href":"https:\/\/api.w.org\/{rel}","templated":true}]}}