{"id":79,"date":"2023-01-17T16:52:22","date_gmt":"2023-01-17T15:52:22","guid":{"rendered":"https:\/\/consmelbourne.esteri.it\/?page_id=79"},"modified":"2023-05-10T07:46:58","modified_gmt":"2023-05-10T05:46:58","slug":"la-rete-consolare","status":"publish","type":"page","link":"https:\/\/consmelbourne.esteri.it\/it\/chi-siamo\/la-rete-consolare\/","title":{"rendered":"La Rete Consolare"},"content":{"rendered":"<p><strong>CONSOLATO GENERALE A SYDNEY<\/strong><br \/>\nLevel 19 44 Market Street<br \/>\nSydney NSW 2000<br \/>\nTel: (02) 9392 7900<br \/>\nEmail:\u00a0<a href=\"mailto:info.sydney@esteri.it\">info.sydney@esteri.it<\/a><br \/>\nOrario di apertura al pubblico: dal luned\u00ec al venerd\u00ec 9.00-11.00<br \/>\nGiurisidizione: Lo Stato del Nuovo Galles del Sud (escluse le citt\u00e0 di Queanbeyan e Cooma), le Isole Norfolk.<\/p>\n<p><strong>CONSOLATO D\u2019ITALIA AD ADELAIDE<\/strong><br \/>\n215 Port Road<br \/>\nHindmarsh, SA 5007<br \/>\nTel: (08) 8337 0777<br \/>\nEmail:\u00a0<a href=\"mailto:consolato.adelaide@esteri.it\">consolato.adelaide@esteri.it<\/a><br \/>\nGiurisdizione: South Australia<\/p>\n<p><strong>CONSOLATO D\u2019ITALIA A BRISBANE<\/strong><br \/>\nLevel 8 \u2013 199 George Street<br \/>\nBrisbane QLD 4000<br \/>\nTel: (07) 3229 8944<br \/>\nEmail:\u00a0<a href=\"mailto:consolato.brisbane@esteri.it\">consolato.brisbane@esteri.it<\/a><br \/>\nOrario di apertura al pubblico: Dal luned\u00ec al gioved\u00ec dalle 9.00 alle 16.00 e il venerd\u00ec dalle 9.00 alle 13.00.<br \/>\nGiurisidizione: Queensland, Northern Territory<\/p>\n<p><strong>CONSOLATO D\u2019ITALIA A PERTH<\/strong><br \/>\nLevel 2, 1292 Hay Street<br \/>\nWest Perth WA 6005<br \/>\nTel: (08) 9322 4500<br \/>\nEmail:\u00a0<a href=\"mailto:info.perth@esteri.it\">perth.<\/a><a href=\"mailto:info.perth@esteri.it\">info<\/a><a href=\"mailto:info.perth@esteri.it\">@esteri.it<\/a><br \/>\nGiurisidizione: Western Australia, Christmas Islands, Cocos (Keeling) Islands<\/p>\n<p><a href=\"https:\/\/consmelbourne.esteri.it\/it\/chi-siamo\/la-rete-consolare\/la-rete-consolare-del-victoria-e-della-tasmania\/\" target=\"_blank\" rel=\"noopener\"><strong>RETE CONSOLARE DEGLI STATI DEL VICTORIA E DELLA TASMANIA<\/strong><\/a><\/p>\n","protected":false},"excerpt":{"rendered":"CONSOLATO GENERALE A SYDNEY Level 19 44 Market Street Sydney NSW 2000 Tel: (02) 9392 7900 Email:\u00a0info.sydney@esteri.it Orario di apertura al pubblico: dal luned\u00ec al venerd\u00ec 9.00-11.00 Giurisidizione: Lo Stato del Nuovo Galles del Sud (escluse le citt\u00e0 di Queanbeyan e Cooma), le Isole Norfolk. CONSOLATO D\u2019ITALIA AD ADELAIDE 215 Port Road Hindmarsh, SA 5007 [&hellip;]","protected":false},"author":3,"featured_media":0,"parent":17,"menu_order":3,"comment_status":"closed","ping_status":"closed","template":"","meta":{"footnotes":""},"class_list":["post-79","page","type-page","status-publish","hentry"],"_links":{"self":[{"href":"https:\/\/consmelbourne.esteri.it\/it\/wp-json\/wp\/v2\/pages\/79","targetHints":{"allow":["GET"]}}],"collection":[{"href":"https:\/\/consmelbourne.esteri.it\/it\/wp-json\/wp\/v2\/pages"}],"about":[{"href":"https:\/\/consmelbourne.esteri.it\/it\/wp-json\/wp\/v2\/types\/page"}],"author":[{"embeddable":true,"href":"https:\/\/consmelbourne.esteri.it\/it\/wp-json\/wp\/v2\/users\/3"}],"replies":[{"embeddable":true,"href":"https:\/\/consmelbourne.esteri.it\/it\/wp-json\/wp\/v2\/comments?post=79"}],"version-history":[{"count":7,"href":"https:\/\/consmelbourne.esteri.it\/it\/wp-json\/wp\/v2\/pages\/79\/revisions"}],"predecessor-version":[{"id":1823,"href":"https:\/\/consmelbourne.esteri.it\/it\/wp-json\/wp\/v2\/pages\/79\/revisions\/1823"}],"up":[{"embeddable":true,"href":"https:\/\/consmelbourne.esteri.it\/it\/wp-json\/wp\/v2\/pages\/17"}],"wp:attachment":[{"href":"https:\/\/consmelbourne.esteri.it\/it\/wp-json\/wp\/v2\/media?parent=79"}],"curies":[{"name":"wp","href":"https:\/\/api.w.org\/{rel}","templated":true}]}}