{"id":78,"date":"2023-01-17T16:52:06","date_gmt":"2023-01-17T15:52:06","guid":{"rendered":"https:\/\/consmelbourne.esteri.it\/?page_id=78"},"modified":"2023-07-28T03:10:40","modified_gmt":"2023-07-28T01:10:40","slug":"numeri-di-emergenza","status":"publish","type":"page","link":"https:\/\/consmelbourne.esteri.it\/it\/chi-siamo\/numeri-di-emergenza\/","title":{"rendered":"Numeri di emergenza"},"content":{"rendered":"<p><img loading=\"lazy\" decoding=\"async\" class=\"size-thumbnail wp-image-1303 img-fluid aligncenter\" src=\"https:\/\/consmelbourne.esteri.it\/wp-content\/uploads\/2023\/05\/Numero-emergenza-150x150.png\" alt=\"\" width=\"150\" height=\"150\" srcset=\"https:\/\/consmelbourne.esteri.it\/wp-content\/uploads\/2023\/05\/Numero-emergenza-150x150.png 150w, https:\/\/consmelbourne.esteri.it\/wp-content\/uploads\/2023\/05\/Numero-emergenza-300x300.png 300w, https:\/\/consmelbourne.esteri.it\/wp-content\/uploads\/2023\/05\/Numero-emergenza-768x767.png 768w, https:\/\/consmelbourne.esteri.it\/wp-content\/uploads\/2023\/05\/Numero-emergenza.png 997w\" sizes=\"auto, (max-width: 150px) 100vw, 150px\" \/><\/p>\n<p style=\"text-align: justify;\"><strong>NUMERO DI EMERGENZA (+61) 0418 396 123<\/strong><\/p>\n<p style=\"text-align: justify;\">Il numero di emergenza \u00e8 attivo solo ed esclusivamente per situazioni di comprovata emergenza per cittadini italiani (ad esempio: incidenti, arresti, decessi, etc.).<\/p>\n<p style=\"text-align: justify;\">Il numero \u00e8 operativo dal luned\u00ec al venerd\u00ec\u2019 negli orari di chiusura degli uffici, quindi dalle ore 16.00 alle ore 22.00, sabato e festivi dalle ore 9.00 alle ore 22.00 (<strong>per consultare i nostri orari di apertura clicca <a href=\"https:\/\/consmelbourne.esteri.it\/it\/chi-siamo\/contatti\/\" target=\"_blank\" rel=\"noopener\">qui<\/a>).<\/strong><\/p>\n<p style=\"text-align: justify;\">Le chiamate relative ai servizi consolari ordinari, alle prenotazioni dei servizi ed alle richieste di informazioni non saranno prese in considerazione. eventuali messaggi lasciati in segreteria telefonica non saranno inoltrati.<\/p>\n<p style=\"text-align: justify;\">Sempre in caso di gravi e motivate emergenze, anche in tutte le altre fasce orarie, \u00e8 possibile rivolgersi ai seguenti numeri attivi h24:<\/p>\n<ul>\n<li style=\"text-align: justify;\">+39 06 36912790: Ministero degli Affari Esteri e della Cooperazione Internazionale, funzionario di turno (ad esempio per decessi, arresti, gravi incidenti, etc);<\/li>\n<li style=\"text-align: justify;\">+39 06 36225: Ministero degli Affari Esteri e della Cooperazione Internazionale, unit\u00e0 di crisi\u00a0(ad esempio per disastri naturali, terrorismo, disordini socio politici).<\/li>\n<\/ul>\n","protected":false},"excerpt":{"rendered":"NUMERO DI EMERGENZA (+61) 0418 396 123 Il numero di emergenza \u00e8 attivo solo ed esclusivamente per situazioni di comprovata emergenza per cittadini italiani (ad esempio: incidenti, arresti, decessi, etc.). Il numero \u00e8 operativo dal luned\u00ec al venerd\u00ec\u2019 negli orari di chiusura degli uffici, quindi dalle ore 16.00 alle ore 22.00, sabato e festivi dalle [&hellip;]","protected":false},"author":3,"featured_media":0,"parent":17,"menu_order":8,"comment_status":"closed","ping_status":"closed","template":"","meta":{"footnotes":""},"class_list":["post-78","page","type-page","status-publish","hentry"],"_links":{"self":[{"href":"https:\/\/consmelbourne.esteri.it\/it\/wp-json\/wp\/v2\/pages\/78","targetHints":{"allow":["GET"]}}],"collection":[{"href":"https:\/\/consmelbourne.esteri.it\/it\/wp-json\/wp\/v2\/pages"}],"about":[{"href":"https:\/\/consmelbourne.esteri.it\/it\/wp-json\/wp\/v2\/types\/page"}],"author":[{"embeddable":true,"href":"https:\/\/consmelbourne.esteri.it\/it\/wp-json\/wp\/v2\/users\/3"}],"replies":[{"embeddable":true,"href":"https:\/\/consmelbourne.esteri.it\/it\/wp-json\/wp\/v2\/comments?post=78"}],"version-history":[{"count":7,"href":"https:\/\/consmelbourne.esteri.it\/it\/wp-json\/wp\/v2\/pages\/78\/revisions"}],"predecessor-version":[{"id":2302,"href":"https:\/\/consmelbourne.esteri.it\/it\/wp-json\/wp\/v2\/pages\/78\/revisions\/2302"}],"up":[{"embeddable":true,"href":"https:\/\/consmelbourne.esteri.it\/it\/wp-json\/wp\/v2\/pages\/17"}],"wp:attachment":[{"href":"https:\/\/consmelbourne.esteri.it\/it\/wp-json\/wp\/v2\/media?parent=78"}],"curies":[{"name":"wp","href":"https:\/\/api.w.org\/{rel}","templated":true}]}}