{"id":76,"date":"2023-01-17T16:51:31","date_gmt":"2023-01-17T15:51:31","guid":{"rendered":"https:\/\/consmelbourne.esteri.it\/?page_id=76"},"modified":"2025-04-01T00:41:17","modified_gmt":"2025-03-31T22:41:17","slug":"la-sede","status":"publish","type":"page","link":"https:\/\/consmelbourne.esteri.it\/it\/chi-siamo\/la-sede\/","title":{"rendered":"La Sede"},"content":{"rendered":"<p><strong><img loading=\"lazy\" decoding=\"async\" class=\"alignnone wp-image-2320 img-fluid\" src=\"https:\/\/consmelbourne.esteri.it\/wp-content\/uploads\/2023\/08\/sede-1-248x300.jpg\" alt=\"\" width=\"284\" height=\"344\" srcset=\"https:\/\/consmelbourne.esteri.it\/wp-content\/uploads\/2023\/08\/sede-1-248x300.jpg 248w, https:\/\/consmelbourne.esteri.it\/wp-content\/uploads\/2023\/08\/sede-1.jpg 614w\" sizes=\"auto, (max-width: 284px) 100vw, 284px\" \/><\/strong><\/p>\n<p>Il Consolato Generale si trova al<strong> primo piano di 509 St Kilda Road, <\/strong>nel cuore del distretto consolare della citt\u00e1 di Melbourne, nel quartiere St. Kilda. Per maggiori informazioni relative al quartiere e alla citt\u00e0, <a href=\"https:\/\/consmelbourne.esteri.it\/wp-content\/uploads\/2024\/06\/Pdf-pagina-in-italiano.pdf\" target=\"_blank\" rel=\"noopener\">clicca qui<\/a>.<\/p>\n<p>A pochi metri dalla <strong>fermata tram n. 25<\/strong>, la zona \u00e8 facilmente raggiungibile con mezzi pubblici e\/o auto.<\/p>\n<p><strong>Mezzi pubblici<\/strong>: Per maggiori informazioni su come raggiungere la sede del Consolato Generale consulta il sito dello <a href=\"https:\/\/www.ptv.vic.gov.au\/assets\/PTV-default-site\/Maps-and-Timetables-PDFs\/Maps\/Network-maps\/PTVH5514-Yarra-Tram-Network-Maps-2021.pdf\">Yarra Tram Network<\/a>.<\/p>\n<p>*In costruzione anche la <a href=\"https:\/\/bigbuild.vic.gov.au\/\">nuova linea metropolitana<\/a>.<\/p>\n<p><strong>Mezzi privati<\/strong>: Sono disponibili posti auto intorno alla sede. E\u2018 anche possibile parcheggiare nel parcheggio multipiano dell\u2019edificio che ospita il Consolato Generale scaricando l\u2019app <a href=\"https:\/\/parkable.com\/en-eu\">Parkable<\/a><\/p>\n<p>(tram stop no. 25)<\/p>\n<p><iframe loading=\"lazy\" style=\"border: 0px currentColor;\" src=\"https:\/\/www.google.com\/maps\/embed?pb=!1m18!1m12!1m3!1d3150.6907866086694!2d144.97726021531957!3d-37.844124179746885!2m3!1f0!2f0!3f0!3m2!1i1024!2i768!4f13.1!3m3!1m2!1s0x6ad668199da12e37%3A0x2b6e06cf4b72b58f!2sItalian+Consulate+General!5e0!3m2!1sen!2sau!4v1482286511578\" width=\"300\" height=\"200\" frameborder=\"0\" allowfullscreen=\"allowfullscreen\"><span data-mce-type=\"bookmark\" style=\"display: inline-block; width: 0px; overflow: hidden; line-height: 0;\" class=\"mce_SELRES_start\">\ufeff<\/span><span data-mce-type=\"bookmark\" style=\"display: inline-block; width: 0px; overflow: hidden; line-height: 0;\" class=\"mce_SELRES_start\">\ufeff<\/span><span data-mce-type=\"bookmark\" style=\"display: inline-block; width: 0px; overflow: hidden; line-height: 0;\" class=\"mce_SELRES_start\">\ufeff<\/span><span data-mce-type=\"bookmark\" style=\"display: inline-block; width: 0px; overflow: hidden; line-height: 0;\" class=\"mce_SELRES_start\">\ufeff<\/span><\/iframe><\/p>\n<p><a href=\"https:\/\/consmelbourne.esteri.it\/it\/chi-siamo\/contatti\/\" target=\"_blank\" rel=\"noopener\"><strong>CONTATTI<\/strong><\/a><\/p>\n<p><a href=\"https:\/\/consmelbourne.esteri.it\/it\/chi-siamo\/la-sede\/albo-consolare\/\" target=\"_blank\" rel=\"noopener\"><strong>ALBO CONSOLARE<\/strong><\/a><\/p>\n<p><a href=\"https:\/\/consmelbourne.esteri.it\/it\/chi-siamo\/la-sede\/festivita\/\" target=\"_blank\" rel=\"noopener\"><strong>CALENDARIO DELLE FESTIVITA&#8217; 2025<\/strong><\/a><\/p>\n<p><a href=\"https:\/\/consmelbourne.esteri.it\/it\/chi-siamo\/la-sede\/tariffe-consolari\/\" target=\"_blank\" rel=\"noopener\"><strong>TARIFFE CONSOLARI<\/strong><\/a><\/p>\n","protected":false},"excerpt":{"rendered":"Il Consolato Generale si trova al primo piano di 509 St Kilda Road, nel cuore del distretto consolare della citt\u00e1 di Melbourne, nel quartiere St. Kilda. Per maggiori informazioni relative al quartiere e alla citt\u00e0, clicca qui. A pochi metri dalla fermata tram n. 25, la zona \u00e8 facilmente raggiungibile con mezzi pubblici e\/o auto. [&hellip;]","protected":false},"author":3,"featured_media":2317,"parent":17,"menu_order":2,"comment_status":"closed","ping_status":"closed","template":"","meta":{"footnotes":""},"class_list":["post-76","page","type-page","status-publish","has-post-thumbnail","hentry"],"_links":{"self":[{"href":"https:\/\/consmelbourne.esteri.it\/it\/wp-json\/wp\/v2\/pages\/76","targetHints":{"allow":["GET"]}}],"collection":[{"href":"https:\/\/consmelbourne.esteri.it\/it\/wp-json\/wp\/v2\/pages"}],"about":[{"href":"https:\/\/consmelbourne.esteri.it\/it\/wp-json\/wp\/v2\/types\/page"}],"author":[{"embeddable":true,"href":"https:\/\/consmelbourne.esteri.it\/it\/wp-json\/wp\/v2\/users\/3"}],"replies":[{"embeddable":true,"href":"https:\/\/consmelbourne.esteri.it\/it\/wp-json\/wp\/v2\/comments?post=76"}],"version-history":[{"count":8,"href":"https:\/\/consmelbourne.esteri.it\/it\/wp-json\/wp\/v2\/pages\/76\/revisions"}],"predecessor-version":[{"id":4235,"href":"https:\/\/consmelbourne.esteri.it\/it\/wp-json\/wp\/v2\/pages\/76\/revisions\/4235"}],"up":[{"embeddable":true,"href":"https:\/\/consmelbourne.esteri.it\/it\/wp-json\/wp\/v2\/pages\/17"}],"wp:featuredmedia":[{"embeddable":true,"href":"https:\/\/consmelbourne.esteri.it\/it\/wp-json\/wp\/v2\/media\/2317"}],"wp:attachment":[{"href":"https:\/\/consmelbourne.esteri.it\/it\/wp-json\/wp\/v2\/media?parent=76"}],"curies":[{"name":"wp","href":"https:\/\/api.w.org\/{rel}","templated":true}]}}