{"id":558,"date":"2023-04-11T06:33:54","date_gmt":"2023-04-11T04:33:54","guid":{"rendered":"https:\/\/consmelbourne.esteri.it\/?page_id=558"},"modified":"2023-05-02T06:24:35","modified_gmt":"2023-05-02T04:24:35","slug":"atti-di-rinuncia-alleredita","status":"publish","type":"page","link":"https:\/\/consmelbourne.esteri.it\/it\/servizi-consolari-e-visti\/servizi-per-il-cittadino-italiano\/atti-di-rinuncia-alleredita\/","title":{"rendered":"Atti di rinuncia all&#8217;eredit\u00e0"},"content":{"rendered":"<p style=\"text-align: justify;\">Il Consolato Generale \u00e8 autorizzato ad emettere atti di rinuncia all\u2019eredit\u00e0 esclusivamente per chi \u00e8 <strong>in<\/strong> <strong>possesso della cittadinanza italiana. <\/strong><\/p>\n<p style=\"text-align: justify;\">Se non si \u00e8 in possesso della cittadinanza italiana, \u00e8 possibile ottenere l\u2019atto di rinuncia all\u2019eredit\u00e0 da un libero professionista privato. Per una lista di legali di fiducia del Consolato Generale clicca <a href=\"https:\/\/consmelbourne.esteri.it\/it\/chi-siamo\/contatti\/medici-e-legali-di-lingua-italiana\/\"><strong>qui<\/strong><\/a>.<\/p>\n<p style=\"text-align: justify;\">Per ottenere questo atto \u00e8 necessario:<\/p>\n<ol style=\"text-align: justify;\">\n<li>Compilare il modulo online cliccando <a href=\"https:\/\/consmelbourne.esteri.it\/it\/servizi-consolari-e-visti\/servizi-per-il-cittadino-italiano\/atti-di-rinuncia-alleredita\/modulo-di-domanda-rinuncia-alleredita\/\" target=\"_blank\" rel=\"noopener\"><strong>qui<\/strong><\/a><\/li>\n<li>Prenotare un appuntamento sul portale online <a href=\"https:\/\/prenotami.esteri.it\/\"><strong>Prenot@mi<\/strong><\/a> (\u201cServizi Consolari\u201d)<\/li>\n<li>Presentarsi all\u2019appuntamento con la seguente documentazione:<\/li>\n<\/ol>\n<ul style=\"text-align: justify;\">\n<li style=\"list-style-type: none;\">\n<ul>\n<li>Passaporto italiano o carta d\u2019identit\u00e0<\/li>\n<li>Certificato di morte del congiunto (in caso di certificato australiano, apostillato e tradotto in italiano)<\/li>\n<li>Dettagli relativi all\u2019indirizzo di ultima residenza del defunto<\/li>\n<\/ul>\n<\/li>\n<\/ul>\n<p style=\"text-align: justify;\">Il costo per una rinuncia all&#8217;eredit\u00e0 \u00e8 di circa 45 AUD suscettibile al cambio corrente.<\/p>\n","protected":false},"excerpt":{"rendered":"Il Consolato Generale \u00e8 autorizzato ad emettere atti di rinuncia all\u2019eredit\u00e0 esclusivamente per chi \u00e8 in possesso della cittadinanza italiana. Se non si \u00e8 in possesso della cittadinanza italiana, \u00e8 possibile ottenere l\u2019atto di rinuncia all\u2019eredit\u00e0 da un libero professionista privato. Per una lista di legali di fiducia del Consolato Generale clicca qui. Per ottenere [&hellip;]","protected":false},"author":6,"featured_media":0,"parent":82,"menu_order":0,"comment_status":"closed","ping_status":"closed","template":"","meta":{"footnotes":""},"class_list":["post-558","page","type-page","status-publish","hentry"],"_links":{"self":[{"href":"https:\/\/consmelbourne.esteri.it\/it\/wp-json\/wp\/v2\/pages\/558","targetHints":{"allow":["GET"]}}],"collection":[{"href":"https:\/\/consmelbourne.esteri.it\/it\/wp-json\/wp\/v2\/pages"}],"about":[{"href":"https:\/\/consmelbourne.esteri.it\/it\/wp-json\/wp\/v2\/types\/page"}],"author":[{"embeddable":true,"href":"https:\/\/consmelbourne.esteri.it\/it\/wp-json\/wp\/v2\/users\/6"}],"replies":[{"embeddable":true,"href":"https:\/\/consmelbourne.esteri.it\/it\/wp-json\/wp\/v2\/comments?post=558"}],"version-history":[{"count":12,"href":"https:\/\/consmelbourne.esteri.it\/it\/wp-json\/wp\/v2\/pages\/558\/revisions"}],"predecessor-version":[{"id":1200,"href":"https:\/\/consmelbourne.esteri.it\/it\/wp-json\/wp\/v2\/pages\/558\/revisions\/1200"}],"up":[{"embeddable":true,"href":"https:\/\/consmelbourne.esteri.it\/it\/wp-json\/wp\/v2\/pages\/82"}],"wp:attachment":[{"href":"https:\/\/consmelbourne.esteri.it\/it\/wp-json\/wp\/v2\/media?parent=558"}],"curies":[{"name":"wp","href":"https:\/\/api.w.org\/{rel}","templated":true}]}}