{"id":463,"date":"2023-02-15T04:45:37","date_gmt":"2023-02-15T03:45:37","guid":{"rendered":"https:\/\/consmelbourne.esteri.it\/?page_id=463"},"modified":"2025-10-09T05:16:53","modified_gmt":"2025-10-09T03:16:53","slug":"procure","status":"publish","type":"page","link":"https:\/\/consmelbourne.esteri.it\/it\/servizi-consolari-e-visti\/servizi-per-il-cittadino-italiano\/procure\/","title":{"rendered":"Procure"},"content":{"rendered":"<p style=\"text-align: justify;\">Il Consolato Generale \u00e8 autorizzato ad emettere procure esclusivamente per chi \u00e8 <strong>in possesso della cittadinanza italiana. <\/strong><\/p>\n<p style=\"text-align: justify;\">Se non si \u00e8 in possesso della cittadinanza italiana, \u00e8 possibile ottenere una procura da un libero professionista privato. Per una lista di legali di fiducia del Consolato Generale clicca <a href=\"https:\/\/consmelbourne.esteri.it\/it\/chi-siamo\/contatti\/medici-e-legali-di-lingua-italiana\/\" target=\"_blank\" rel=\"noopener\"><strong>qui<\/strong><\/a>.<\/p>\n<p style=\"text-align: justify;\">Le procure si dividono in due categorie:<\/p>\n<ul style=\"text-align: justify;\">\n<li>Procure generali: con questi atti l&#8217;interessato affida al rappresentante la gestione di tutti i suoi affari, sia presenti sia futuri. La procura generale NON ha scadenza<\/li>\n<li>Procure speciali: con questi atti l&#8217;interessato affida al rappresentante la gestione di una parte dei suoi affari. La procura speciale cessa di avere efficacia nel momento in cui l\u2019incarico particolare per il quale \u00e8 stata rilasciata si conclude; tale incarico deve essere specificato.<\/li>\n<\/ul>\n<p style=\"text-align: justify;\">Per richiedere una procura \u00e8 necessario:<\/p>\n<ol style=\"text-align: justify;\">\n<li>Compilare il modulo online cliccando <strong><a href=\"https:\/\/consmelbourne.esteri.it\/it\/servizi-consolari-e-visti\/servizi-per-il-cittadino-italiano\/procure\/modulo-di-domanda-procura\/\" target=\"_blank\" rel=\"noopener\">qui<\/a>. <\/strong>Nel modulo vanno inserite le generalit\u00e0 complete del mandante e del procuratore e, nel caso di procura speciale, allegata la bozza dell\u2019atto preparata dal proprio avvocato \/ notaio in Italia in formato editabile WORD. La bozza della procura speciale \u00e8 fondamentale in quanto, in assenza, non \u00e8 possibile procedere alla stesura della stessa<\/li>\n<li>Prenotare un appuntamento sul portale online <a href=\"https:\/\/prenotami.esteri.it\/\"><strong>Prenot@mi<\/strong><\/a> (\u201cServizi Consolari\u201d)<\/li>\n<li>Presentarsi all\u2019appuntamento con il proprio passaporto italiano o carta d\u2019identit\u00e0 in corso di validit\u00e0.<\/li>\n<\/ol>\n<p style=\"text-align: justify;\">Le tariffe per le procure sono pagabili con carta di debito \/ credito. Per l&#8217;importo aggiornato cliccare <a href=\"https:\/\/consmelbourne.esteri.it\/it\/chi-siamo\/la-sede\/tariffe-consolari\/\" target=\"_blank\" rel=\"noopener\"><strong>qui<\/strong><\/a>.<\/p>\n","protected":false},"excerpt":{"rendered":"Il Consolato Generale \u00e8 autorizzato ad emettere procure esclusivamente per chi \u00e8 in possesso della cittadinanza italiana. Se non si \u00e8 in possesso della cittadinanza italiana, \u00e8 possibile ottenere una procura da un libero professionista privato. Per una lista di legali di fiducia del Consolato Generale clicca qui. Le procure si dividono in due categorie: [&hellip;]","protected":false},"author":6,"featured_media":0,"parent":82,"menu_order":3,"comment_status":"closed","ping_status":"closed","template":"","meta":{"footnotes":""},"class_list":["post-463","page","type-page","status-publish","hentry"],"_links":{"self":[{"href":"https:\/\/consmelbourne.esteri.it\/it\/wp-json\/wp\/v2\/pages\/463","targetHints":{"allow":["GET"]}}],"collection":[{"href":"https:\/\/consmelbourne.esteri.it\/it\/wp-json\/wp\/v2\/pages"}],"about":[{"href":"https:\/\/consmelbourne.esteri.it\/it\/wp-json\/wp\/v2\/types\/page"}],"author":[{"embeddable":true,"href":"https:\/\/consmelbourne.esteri.it\/it\/wp-json\/wp\/v2\/users\/6"}],"replies":[{"embeddable":true,"href":"https:\/\/consmelbourne.esteri.it\/it\/wp-json\/wp\/v2\/comments?post=463"}],"version-history":[{"count":6,"href":"https:\/\/consmelbourne.esteri.it\/it\/wp-json\/wp\/v2\/pages\/463\/revisions"}],"predecessor-version":[{"id":4680,"href":"https:\/\/consmelbourne.esteri.it\/it\/wp-json\/wp\/v2\/pages\/463\/revisions\/4680"}],"up":[{"embeddable":true,"href":"https:\/\/consmelbourne.esteri.it\/it\/wp-json\/wp\/v2\/pages\/82"}],"wp:attachment":[{"href":"https:\/\/consmelbourne.esteri.it\/it\/wp-json\/wp\/v2\/media?parent=463"}],"curies":[{"name":"wp","href":"https:\/\/api.w.org\/{rel}","templated":true}]}}