{"id":453,"date":"2023-02-15T04:44:14","date_gmt":"2023-02-15T03:44:14","guid":{"rendered":"https:\/\/consmelbourne.esteri.it\/?page_id=453"},"modified":"2023-07-06T00:49:16","modified_gmt":"2023-07-05T22:49:16","slug":"patenti-di-guida","status":"publish","type":"page","link":"https:\/\/consmelbourne.esteri.it\/it\/servizi-consolari-e-visti\/servizi-per-il-cittadino-italiano\/patenti-di-guida\/","title":{"rendered":"Patenti di guida"},"content":{"rendered":"<p>Cliccare sull\u2019argomento di interesse per una descrizione completa.<\/p>\n<details>\n<summary><strong>TRADUZIONE<\/strong><\/summary>\n<p style=\"text-align: justify;\">In Victoria e Tasmania, la traduzione della propria patente di guida italiana in lingua inglese pu\u00f2 essere ottenuta presso questo Consolato Generale o ricorrendo a uno dei traduttori presenti su <a href=\"http:\/\/www.naati.com.au\/\">http:\/\/www.naati.com.au\/<\/a>. <span style=\"text-decoration: underline;\">Entrambe le traduzioni hanno lo stesso valore legale.<\/span><br \/>\nPer ottenere la traduzione presso questo Consolato Generale \u00e8 necessario prenotare un appuntamento per servizi consolari cliccando <a href=\"https:\/\/prenotami.esteri.it\/\" target=\"_blank\" rel=\"noopener\">qui<\/a> e presentarsi esibendo la patente da tradurre in versione originale.<br \/>\nSe la patente di guida italiana \u00e8 stata rubata, smarrita, danneggiata o \u00e8 comunque illeggibile o non disponibile, non sar\u00e0 possibile ottenerne una traduzione neanche previa presentazione di fotocopia. In questo caso si suggerisce di rivolgersi ai competenti uffici della Motorizzazione Civile italiana per informazioni su come ottenere una nuova patente tramite delega ad un parente\/conoscente in Italia.<br \/>\n<strong>Il costo per una traduzione patente \u00e8 di circa 50 AUD (soggetto a fluttuazioni del cambio) pagabili con carta di debito \/ credito.<\/strong><\/p>\n<\/details>\n<details>\n<summary><strong>CONFERMA DI VALIDITA&#8217; IN CASO DI PATENTE SCADUTA DA NON PIU&#8217; DI 5 ANNI O IN SCADENZA<\/strong><\/summary>\n<p>Gli iscritti AIRE e i residenti temporanei in Victoria e Tasmania da almeno 6 mesi possono ottenere un documento, denominato conferma di validit\u00e0, che consente al titolare di guidare in Italia e all\u2019estero anche con una patente scaduta da non pi\u00f9 di 5 anni o in scadenza.<br \/>\nPer ottenere questo servizio, \u00e8 necessario prenotare un appuntamento per servizi consolari cliccando <a href=\"https:\/\/prenotami.esteri.it\/\" target=\"_blank\" rel=\"noopener\">qui<\/a> e presentare:<\/p>\n<ul>\n<li>certificato medico rilasciato da uno dei <a href=\"https:\/\/consmelbourne.esteri.it\/it\/chi-siamo\/contatti\/medici-e-legali-di-lingua-italiana\/\">medici di riferimento del Consolato<\/a> da non oltre 3 mesi<\/li>\n<li>prova d&#8217;indirizzo in Victoria o Tasmania (documento bancario, bolletta, patente australiana)<\/li>\n<li>1 fotografia formato tessera<\/li>\n<li>la propria patente scaduta o in scadenza in <strong>originale<\/strong><\/li>\n<\/ul>\n<p>Si sottolinea che la conferma di validit\u00e0 da noi rilasciata \u00e8 valida finch\u00e9 il titolare della stessa \u00e8 residente o dimorante all\u2019estero. Il possessore, riacquisita la residenza o la dimora in Italia, \u00e8 tenuto a rivolgersi al competente ufficio della <a href=\"http:\/\/www.ilportaledellautomobilista.it\" target=\"_blank\" rel=\"noopener\">Motorizzazione Civile<\/a> o ad una scuola guida per ottenere una nuova patente.<br \/>\n<strong>Il costo per una conferma di validit\u00e0 della patente di guida \u00e8 di circa 80 AUD (soggetto a fluttuazioni del cambio) pagabili con carta di debito \/ credito. Il costo della visita medica NON \u00e8 compreso.<\/strong><\/p>\n<\/details>\n<details>\n<summary><strong>FURTO E SMARRIMENTO DELLA PATENTE<\/strong><\/summary>\n<p style=\"text-align: justify;\">La patente di guida italiana cos\u00ec come la patente internazionale, possono essere duplicate solo ed esclusivamente dai competenti uffici della Motorizzazione Civile italiana.<\/p>\n<p style=\"text-align: justify;\"><strong>Nessuna Ambasciata o Consolato italiano pu\u00f2 fornire assistenza o informazioni al riguardo.<\/strong><\/p>\n<p style=\"text-align: justify;\">Per questo motivo, in caso di smarrimento o furto della propria patente, si prega di rivolgersi all\u2019ufficio della <a href=\"http:\/\/www.ilportaledellautomobilista.it\" target=\"_blank\" rel=\"noopener\">Motorizzazione Civile<\/a> che ha rilasciato la stessa per informazioni su come ottenerne il duplicato tramite delega a distanza ad un parente\/conoscente in Italia.<\/p>\n<\/details>\n<details>\n<summary><strong>GUIDARE IN AUSTRALIA ED OTTENERE UNA PATENTE AUSTRALIANA<\/strong><\/summary>\n<p style=\"text-align: justify;\">\u00c8 consentito guidare in Australia con la patente italiana fino a 6 mesi se accompagnata da una traduzione in inglese della propria patente o da una patente internazionale. Nel caso si voglia ottenere una patente australiana o avere maggiori informazioni circa la validit\u00e0 della propria patente italiana in Australia, si prega di rivolgersi agli uffici del Vicroads.<\/p>\n<p><strong>Le tariffe per le patenti sono pagabili con carta di debito \/ credito.<\/strong><\/p>\n<\/details>\n","protected":false},"excerpt":{"rendered":"Cliccare sull\u2019argomento di interesse per una descrizione completa. TRADUZIONE In Victoria e Tasmania, la traduzione della propria patente di guida italiana in lingua inglese pu\u00f2 essere ottenuta presso questo Consolato Generale o ricorrendo a uno dei traduttori presenti su http:\/\/www.naati.com.au\/. Entrambe le traduzioni hanno lo stesso valore legale. Per ottenere la traduzione presso questo Consolato [&hellip;]","protected":false},"author":6,"featured_media":0,"parent":82,"menu_order":3,"comment_status":"closed","ping_status":"closed","template":"","meta":{"footnotes":""},"class_list":["post-453","page","type-page","status-publish","hentry"],"_links":{"self":[{"href":"https:\/\/consmelbourne.esteri.it\/it\/wp-json\/wp\/v2\/pages\/453","targetHints":{"allow":["GET"]}}],"collection":[{"href":"https:\/\/consmelbourne.esteri.it\/it\/wp-json\/wp\/v2\/pages"}],"about":[{"href":"https:\/\/consmelbourne.esteri.it\/it\/wp-json\/wp\/v2\/types\/page"}],"author":[{"embeddable":true,"href":"https:\/\/consmelbourne.esteri.it\/it\/wp-json\/wp\/v2\/users\/6"}],"replies":[{"embeddable":true,"href":"https:\/\/consmelbourne.esteri.it\/it\/wp-json\/wp\/v2\/comments?post=453"}],"version-history":[{"count":8,"href":"https:\/\/consmelbourne.esteri.it\/it\/wp-json\/wp\/v2\/pages\/453\/revisions"}],"predecessor-version":[{"id":2252,"href":"https:\/\/consmelbourne.esteri.it\/it\/wp-json\/wp\/v2\/pages\/453\/revisions\/2252"}],"up":[{"embeddable":true,"href":"https:\/\/consmelbourne.esteri.it\/it\/wp-json\/wp\/v2\/pages\/82"}],"wp:attachment":[{"href":"https:\/\/consmelbourne.esteri.it\/it\/wp-json\/wp\/v2\/media?parent=453"}],"curies":[{"name":"wp","href":"https:\/\/api.w.org\/{rel}","templated":true}]}}