{"id":407,"date":"2023-02-14T05:23:37","date_gmt":"2023-02-14T04:23:37","guid":{"rendered":"https:\/\/consmelbourne.esteri.it\/?page_id=407"},"modified":"2026-01-09T00:23:21","modified_gmt":"2026-01-08T23:23:21","slug":"anagrafe-e-stato-civile","status":"publish","type":"page","link":"https:\/\/consmelbourne.esteri.it\/it\/servizi-consolari-e-visti\/servizi-per-il-cittadino-italiano\/anagrafe-e-stato-civile\/","title":{"rendered":"Fast-It &#8211; AIRE"},"content":{"rendered":"<p>L\u2019AIRE \u00e8 l\u2019Anagrafe degli Italiani Residenti all\u2019Estero.<\/p>\n<p>L\u2019iscrizione all\u2019AIRE \u00e8 un preciso dovere del connazionale residente all\u2019estero nonch\u00e9 un presupposto fondamentale per l\u2019accesso ai servizi consolari.<\/p>\n<p>In questo contesto segnaliamo che la Legge 30 dicembre 2023, n. 213 recante il Bilancio di previsione dello Stato per l\u2019anno finanziario 2024 e bilancio pluriennale per il triennio 2024-2026 ha introdotto alcune modifiche. Nello specifico, l\u2019art. 1 comma 242, modificando la Legge n. 1228 del 24 dicembre 1954, ha introdotto misure pi\u00f9 severe per chi, spostando anche solo di fatto la propria residenza all\u2019estero, non ottempera all\u2019iscrizione all\u2019AIRE. Il novellato art. 11 della predetta L. 1228\/1954 permette infatti ai Comuni italiani di erogare una sanzione da 200 Euro fino ad un massimo di 1.000 Euro a persona per ogni anno di mancata iscrizione all\u2019AIRE e fino ad un massimo di 5 anni. Inoltre, l\u2019art. 1 comma 243 della Legge di Bilancio, prevede uno specifico obbligo di segnalazione al Comune di iscrizione anagrafica in capo a tutte le Amministrazioni pubbliche che, nell\u2019esercizio delle loro funzioni, vengano a conoscenza di elementi tali da indicare la residenza all\u2019estero, anche solo di fatto, del concittadino. Il Comune di iscrizione anagrafica dovr\u00e0 comunicare all\u2019Agenzia delle Entrate le informazioni ricevute, cos\u00ec da poter dare inizio a controlli di carattere tributario.<\/p>\n<p>Per maggiori informazioni clicca qui: <a href=\"https:\/\/www.esteri.it\/it\/servizi-consolari-e-visti\/italiani-all-estero\/aire_0\/\">https:\/\/www.esteri.it\/it\/servizi-consolari-e-visti\/italiani-all-estero\/aire_0\/<\/a><\/p>\n<p style=\"text-align: justify;\">L\u2019iscrizione all\u2019A.I.R.E. pu\u00f2 essere effettuata tramite<strong>\u00a0il portale online<\/strong> <a href=\"https:\/\/serviziconsolari.esteri.it\/home\" target=\"_blank\" rel=\"noopener\">Fast-it<\/a><\/p>\n<p style=\"text-align: justify;\">La procedura \u00e8 semplice, occorre soltanto:<\/p>\n<ul style=\"text-align: justify;\">\n<li>Creare un account fornendo un valido indirizzo email e password. <u>La creazione di un account sul portale Fast-it <strong>NON<\/strong> comporta l\u2019iscrizione all\u2019A.I.R.E.<\/u><\/li>\n<\/ul>\n<ul style=\"text-align: justify;\">\n<li>Accedere a Fast-it con le credenziali fornite in fase di registrazione ed effettuare la registrazione all\u2019A.I.R.E. fornendo la <a href=\"https:\/\/consmelbourne.esteri.it\/wp-content\/uploads\/2024\/03\/Documentazione-AIRE-ITA.pdf\">documentazione richiesta<\/a>.<\/li>\n<\/ul>\n<p style=\"text-align: justify;\">In fase di registrazione, \u00e8 importante <u>selezionare l\u2019ufficio consolare italiano di riferimento<\/u> in base al proprio <strong>indirizzo di residenza<\/strong>.<\/p>\n<p style=\"text-align: justify;\">Per i cittadini e le cittadine italiane residenti in Victoria o Tasmania, il Consolato di riferimento \u00e8 il Consolato Generale d\u2019Italia a Melbourne.<\/p>\n<p style=\"text-align: justify;\">Esempio: Elena ha deciso di trasferirsi dall\u2019Italia a Melbourne, dove ha intenzione di risiedere per i prossimi due anni. Elena <u>deve<\/u> registrarsi all\u2019A.I.R.E. e in fase di registrazione, le sar\u00e0 richiesto di selezionare un Consolato di riferimento. In questo caso, Elena dovr\u00e0 selezionare il Consolato Generale d\u2019Italia a Melbourne in quanto residente in Victoria.<\/p>\n<p style=\"text-align: justify;\">IMPORTANTE: Coloro che richiedono l\u2019iscrizione all\u2019A.I.R.E. <strong><u>non riceveranno alcuna notifica<\/u><\/strong> di avvenuta registrazione da parte del Consolato Generale d\u2019Italia a Melbourne.<\/p>\n<p>Per avere conferma di avvenuta iscrizione AIRE e\/o eventuale richiesta certificato iscrizione AIRE, \u00e8 possibile fare riferimento al proprio comune di competenza. Per maggiori informazioni su cosa \u00e8 l&#8217;AIRE, perch\u00e9 iscriversi e chi deve iscriversi clicca <a href=\"https:\/\/consmelbourne.esteri.it\/wp-content\/uploads\/2023\/04\/Infografica-AIRE-IT.pdf\" target=\"_blank\" rel=\"noopener\">qui<\/a>.<\/p>\n<p><strong>L\u2019aggiornamento dei dati \u00e8 a carico della persona iscritta all\u2019A.I.R.E.<\/strong><\/p>\n<p style=\"text-align: justify;\">I cittadini e le cittadine italiane iscritte all\u2019A.I.R.E. devono\u00a0comunicare\u00a0tempestivamente all\u2019ufficio consolare di riferimento:<\/p>\n<ul style=\"text-align: justify;\">\n<li>Il trasferimento della propria residenza <u>all\u2019interno della stessa circoscrizione consolare<\/u>; Esempio: Qualora Elena decidesse di trasferirsi da Melbourne a Hobart, essa dovr\u00e0 accedere al portale online Fast-it e comunicare la modifica del proprio indirizzo di residenza. In questo modo, il Consolato verr\u00e0 notificato di tale trasferimento.<\/li>\n<\/ul>\n<ul style=\"text-align: justify;\">\n<li>Le modifiche dello <a href=\"https:\/\/consmelbourne.esteri.it\/it\/servizi-consolari-e-visti\/servizi-per-il-cittadino-italiano\/registrazioni-nascite-matrimoni-divorzi-e-morte\/\" target=\"_blank\" rel=\"noopener\"><u>stato civile<\/u><\/a> anche per l\u2019eventuale trascrizione in Italia degli atti stranieri (matrimonio, nascita, divorzio, morte, ecc.);<\/li>\n<li>La perdita della cittadinanza italiana.<\/li>\n<\/ul>\n<p style=\"text-align: justify;\">NOTA BENE:<\/p>\n<p style=\"text-align: justify;\">In caso di trasferimento del proprio domicilio in una <strong><u>circoscrizione consolare diverso da quello precedente<\/u><\/strong>, \u00e8 necessario effettuare una <strong><u>nuova registrazione<\/u><\/strong><u> <strong>A.I.R.E<\/strong><\/u><strong>.<\/strong><\/p>\n<p style=\"text-align: justify;\"><em>Esempio<\/em>:<\/p>\n<p style=\"text-align: justify;\">Qualora Elena decidesse di lasciare Melbourne e di trasferire la propria residenza a Brisbane, essa dovr\u00e0 obbligatoriamente effettuare una nuova iscrizione A.I.R.E. sul portale Fast-it. In fase di nuova registrazione A.I.R.E., Elena dovr\u00e0 selezionare il Consolato di Brisbane come consolato di riferimento.<\/p>\n<p style=\"text-align: justify;\">Elena dovr\u00e0 effettuare lo stesso procedimento anche nel caso in cui decidesse di trasferirsi dall\u2019Australia in un altro Paese (Italia esclusa).<\/p>\n<p style=\"text-align: justify;\">IMPORTANTE: Il mancato aggiornamento delle informazioni relative all\u2019indirizzo rende impossibile il contatto con il cittadino e, ad esempio, il ricevimento della cartolina o del plico elettorale in caso di votazioni.<\/p>\n<details open=\"open\">\n<summary><strong>Modifica del Comune di iscrizione A.I.R.E.<\/strong><\/summary>\n<p style=\"text-align: justify;\">E&#8217; possibile trasferire l&#8217;iscrizione A.I.R.E. da un Comune italiano ad altro Comune italiano diverso solo se si hanno membri del nucleo familiare residenti\/iscritti all&#8217;AIRE nel Comune in cui si vuole trasferire la propria iscrizione A.I.R.E.<\/p>\n<p style=\"text-align: justify;\">Per farlo bisogna scaricare questo <a href=\"https:\/\/consmelbourne.esteri.it\/wp-content\/uploads\/2024\/01\/RICHIESTA-DI-TRASFERIMENTO-AIRE.pdf\">modulo<\/a> e trasmetterlo insieme alla copia del proprio documento d&#8217;identit\u00e0 all&#8217;indirizzo email melbourne.info@esteri.it.<\/p>\n<\/details>\n<details open=\"open\">\n<summary><strong>Rimpatrio di cittadini italiani iscritti all\u2019A.I.R.E.<\/strong><\/summary>\n<p style=\"text-align: justify;\">I cittadini iscritti all\u2019AIRE che\u00a0<strong>rientrano definitivamente in Italia<\/strong>\u00a0dovranno presentarsi presso il\u00a0<strong>Comune Italiano<\/strong>\u00a0dove hanno deciso di stabilirsi per dichiarare il nuovo indirizzo di residenza.<\/p>\n<p style=\"text-align: justify;\">Il Comune provveder\u00e0 alla cancellazione dall\u2019A.I.R.E. e all\u2019iscrizione in APR (Anagrafe Popolazione Residente).<\/p>\n<p style=\"text-align: justify;\">Per ulteriori informazioni si rimanda direttamente al sito del <a href=\"https:\/\/www.esteri.it\/it\/\" target=\"_blank\" rel=\"noopener\">Ministero degli Affari Esteri e della Cooperazione Internazionale<\/a><\/p>\n<p>NB: Richieste pervenute via e-mail <strong><u>non<\/u><\/strong> verranno prese in considerazione.<\/p>\n<\/details>\n","protected":false},"excerpt":{"rendered":"L\u2019AIRE \u00e8 l\u2019Anagrafe degli Italiani Residenti all\u2019Estero. L\u2019iscrizione all\u2019AIRE \u00e8 un preciso dovere del connazionale residente all\u2019estero nonch\u00e9 un presupposto fondamentale per l\u2019accesso ai servizi consolari. In questo contesto segnaliamo che la Legge 30 dicembre 2023, n. 213 recante il Bilancio di previsione dello Stato per l\u2019anno finanziario 2024 e bilancio pluriennale per il triennio [&hellip;]","protected":false},"author":6,"featured_media":0,"parent":82,"menu_order":0,"comment_status":"closed","ping_status":"closed","template":"","meta":{"footnotes":""},"class_list":["post-407","page","type-page","status-publish","hentry"],"_links":{"self":[{"href":"https:\/\/consmelbourne.esteri.it\/it\/wp-json\/wp\/v2\/pages\/407","targetHints":{"allow":["GET"]}}],"collection":[{"href":"https:\/\/consmelbourne.esteri.it\/it\/wp-json\/wp\/v2\/pages"}],"about":[{"href":"https:\/\/consmelbourne.esteri.it\/it\/wp-json\/wp\/v2\/types\/page"}],"author":[{"embeddable":true,"href":"https:\/\/consmelbourne.esteri.it\/it\/wp-json\/wp\/v2\/users\/6"}],"replies":[{"embeddable":true,"href":"https:\/\/consmelbourne.esteri.it\/it\/wp-json\/wp\/v2\/comments?post=407"}],"version-history":[{"count":8,"href":"https:\/\/consmelbourne.esteri.it\/it\/wp-json\/wp\/v2\/pages\/407\/revisions"}],"predecessor-version":[{"id":4911,"href":"https:\/\/consmelbourne.esteri.it\/it\/wp-json\/wp\/v2\/pages\/407\/revisions\/4911"}],"up":[{"embeddable":true,"href":"https:\/\/consmelbourne.esteri.it\/it\/wp-json\/wp\/v2\/pages\/82"}],"wp:attachment":[{"href":"https:\/\/consmelbourne.esteri.it\/it\/wp-json\/wp\/v2\/media?parent=407"}],"curies":[{"name":"wp","href":"https:\/\/api.w.org\/{rel}","templated":true}]}}