{"id":19,"date":"2023-01-17T14:51:34","date_gmt":"2023-01-17T13:51:34","guid":{"rendered":"https:\/\/consmelbourne.esteri.it\/?page_id=19"},"modified":"2023-05-31T02:57:57","modified_gmt":"2023-05-31T00:57:57","slug":"italia-e-australia","status":"publish","type":"page","link":"https:\/\/consmelbourne.esteri.it\/it\/italia-e-australia\/","title":{"rendered":"Italia e Australia"},"content":{"rendered":"<p style=\"text-align: justify;\">Nonostante la distanza, i legami tra Italia e Australia sono fortissimi. Anche grazie alla lunga storia di emigrazione, l\u2019influenza italiana \u00e8 a 360\u00b0 e ben visibile in ogni citt\u00e0 dell\u2019Australia. Gli australiani amano la creativit\u00e0, la raffinatezza e l\u2019autenticit\u00e0 del \u201cmade in Italy\u201d e sono affascinati dal \u201cvivere all\u2019italiana\u201d. Melbourne \u00e8 tradizionalmente considerata la pi\u00f9 grande citt\u00e0 italiana al di fuori dell\u2019Europa e delle Americhe.<\/p>\n<p style=\"text-align: justify;\">Con una bilancia commerciale in positivo per circa 4 miliardi di euro, l\u2019Italia \u00e8 l\u2019undicesimo Paese fornitore, il secondo tra quelli dell\u2019Unione Europea (UE). Radicata \u00e8 inoltre la presenza di grandi gruppi industriali italiani e di altre realt\u00e0 imprenditoriali di pi\u00f9 piccole dimensioni, ma all\u2019avanguardia quanto a tecnologia ed innovazione. Secondo i dati pi\u00f9 recenti, sono circa 210 le aziende italiane in Australia, presenti in quasi tutti i settori: energetico &#8211; soprattutto energie rinnovabili &#8211; ingegneristico, difesa e sicurezza, cantieristica, infrastrutture e costruzioni, moda e lusso, automotive, fitness, oltre naturalmente al food and beverage.<\/p>\n","protected":false},"excerpt":{"rendered":"Nonostante la distanza, i legami tra Italia e Australia sono fortissimi. Anche grazie alla lunga storia di emigrazione, l\u2019influenza italiana \u00e8 a 360\u00b0 e ben visibile in ogni citt\u00e0 dell\u2019Australia. Gli australiani amano la creativit\u00e0, la raffinatezza e l\u2019autenticit\u00e0 del \u201cmade in Italy\u201d e sono affascinati dal \u201cvivere all\u2019italiana\u201d. Melbourne \u00e8 tradizionalmente considerata la pi\u00f9 [&hellip;]","protected":false},"author":1,"featured_media":0,"parent":0,"menu_order":0,"comment_status":"closed","ping_status":"closed","template":"","meta":{"footnotes":""},"class_list":["post-19","page","type-page","status-publish","hentry"],"_links":{"self":[{"href":"https:\/\/consmelbourne.esteri.it\/it\/wp-json\/wp\/v2\/pages\/19","targetHints":{"allow":["GET"]}}],"collection":[{"href":"https:\/\/consmelbourne.esteri.it\/it\/wp-json\/wp\/v2\/pages"}],"about":[{"href":"https:\/\/consmelbourne.esteri.it\/it\/wp-json\/wp\/v2\/types\/page"}],"author":[{"embeddable":true,"href":"https:\/\/consmelbourne.esteri.it\/it\/wp-json\/wp\/v2\/users\/1"}],"replies":[{"embeddable":true,"href":"https:\/\/consmelbourne.esteri.it\/it\/wp-json\/wp\/v2\/comments?post=19"}],"version-history":[{"count":6,"href":"https:\/\/consmelbourne.esteri.it\/it\/wp-json\/wp\/v2\/pages\/19\/revisions"}],"predecessor-version":[{"id":1106,"href":"https:\/\/consmelbourne.esteri.it\/it\/wp-json\/wp\/v2\/pages\/19\/revisions\/1106"}],"wp:attachment":[{"href":"https:\/\/consmelbourne.esteri.it\/it\/wp-json\/wp\/v2\/media?parent=19"}],"curies":[{"name":"wp","href":"https:\/\/api.w.org\/{rel}","templated":true}]}}