{"id":1857,"date":"2023-05-17T02:25:18","date_gmt":"2023-05-17T00:25:18","guid":{"rendered":"https:\/\/consmelbourne.esteri.it\/?page_id=1857"},"modified":"2024-01-04T05:05:43","modified_gmt":"2024-01-04T04:05:43","slug":"furto-o-smarrimento-del-passaporto-italiano","status":"publish","type":"page","link":"https:\/\/consmelbourne.esteri.it\/it\/servizi-consolari-e-visti\/servizi-per-il-cittadino-italiano\/rilascio-e-rinnovo-del-passaporto-italiano\/furto-o-smarrimento-del-passaporto-italiano\/","title":{"rendered":"Furto o smarrimento del passaporto italiano"},"content":{"rendered":"<p style=\"text-align: justify;\">In caso di furto o smarrimento del proprio passaporto, accertato che lo stesso non risulti tra quelli restituiti al Consolato Generale dalle Autorit\u00e0 locali (clicca <a href=\"https:\/\/consmelbourne.esteri.it\/it\/servizi-consolari-e-visti\/servizi-per-il-cittadino-italiano\/rilascio-e-rinnovo-del-passaporto-italiano\/restituzione-passaporti-rinvenuti-ed-inviati-agli-uffici-consolari-italiani\/\" target=\"_blank\" rel=\"noopener\">qui<\/a>), \u00e8 necessario presentare tempestivamente denuncia in Consolato Generale (clicca <a href=\"https:\/\/consmelbourne.esteri.it\/wp-content\/uploads\/2024\/01\/modulo-denuncia-smarrimento.pdf\" target=\"_blank\" rel=\"noopener\">qui<\/a>), senza necessit\u00e0 di appuntamento ed allegando, ove possibile, fotocopia del passaporto smarrito.<\/p>\n<p style=\"text-align: justify;\">Per richiedere il rilascio di un nuovo passaporto clicca <a href=\"https:\/\/consmelbourne.esteri.it\/it\/servizi-consolari-e-visti\/servizi-per-il-cittadino-italiano\/rilascio-e-rinnovo-del-passaporto-italiano\/\" target=\"_blank\" rel=\"noopener\">qui<\/a>.<\/p>\n","protected":false},"excerpt":{"rendered":"In caso di furto o smarrimento del proprio passaporto, accertato che lo stesso non risulti tra quelli restituiti al Consolato Generale dalle Autorit\u00e0 locali (clicca qui), \u00e8 necessario presentare tempestivamente denuncia in Consolato Generale (clicca qui), senza necessit\u00e0 di appuntamento ed allegando, ove possibile, fotocopia del passaporto smarrito. Per richiedere il rilascio di un nuovo [&hellip;]","protected":false},"author":6,"featured_media":0,"parent":1033,"menu_order":0,"comment_status":"closed","ping_status":"closed","template":"","meta":{"footnotes":""},"class_list":["post-1857","page","type-page","status-publish","hentry"],"_links":{"self":[{"href":"https:\/\/consmelbourne.esteri.it\/it\/wp-json\/wp\/v2\/pages\/1857","targetHints":{"allow":["GET"]}}],"collection":[{"href":"https:\/\/consmelbourne.esteri.it\/it\/wp-json\/wp\/v2\/pages"}],"about":[{"href":"https:\/\/consmelbourne.esteri.it\/it\/wp-json\/wp\/v2\/types\/page"}],"author":[{"embeddable":true,"href":"https:\/\/consmelbourne.esteri.it\/it\/wp-json\/wp\/v2\/users\/6"}],"replies":[{"embeddable":true,"href":"https:\/\/consmelbourne.esteri.it\/it\/wp-json\/wp\/v2\/comments?post=1857"}],"version-history":[{"count":6,"href":"https:\/\/consmelbourne.esteri.it\/it\/wp-json\/wp\/v2\/pages\/1857\/revisions"}],"predecessor-version":[{"id":2780,"href":"https:\/\/consmelbourne.esteri.it\/it\/wp-json\/wp\/v2\/pages\/1857\/revisions\/2780"}],"up":[{"embeddable":true,"href":"https:\/\/consmelbourne.esteri.it\/it\/wp-json\/wp\/v2\/pages\/1033"}],"wp:attachment":[{"href":"https:\/\/consmelbourne.esteri.it\/it\/wp-json\/wp\/v2\/media?parent=1857"}],"curies":[{"name":"wp","href":"https:\/\/api.w.org\/{rel}","templated":true}]}}