{"id":1054,"date":"2023-04-26T07:46:52","date_gmt":"2023-04-26T05:46:52","guid":{"rendered":"https:\/\/consmelbourne.esteri.it\/?page_id=1054"},"modified":"2024-07-24T02:42:41","modified_gmt":"2024-07-24T00:42:41","slug":"rilascio-rinnovo-del-passaporto-italiano-minori-di-18-anni","status":"publish","type":"page","link":"https:\/\/consmelbourne.esteri.it\/it\/servizi-consolari-e-visti\/servizi-per-il-cittadino-italiano\/rilascio-e-rinnovo-del-passaporto-italiano\/rilascio-rinnovo-del-passaporto-italiano-minori-di-18-anni\/","title":{"rendered":"Rilascio\/rinnovo del Passaporto italiano \u2013 MINORI DI 18 ANNI"},"content":{"rendered":"<p style=\"text-align: justify;\">Il passaporto per minori fino ai 3 anni ha validit\u00e0 di 3 anni.<\/p>\n<p style=\"text-align: justify;\">Il passaporto per minori tra i 3 e i 18 anni ha validit\u00e0 di 5 anni.<\/p>\n<p style=\"text-align: justify;\">NOTA BENE:<\/p>\n<ul style=\"text-align: justify;\">\n<li>Prima di richiedere il rilascio del <u>primo<\/u> passaporto del\/della minore, \u00e8 obbligatorio averne <a href=\"https:\/\/consmelbourne.esteri.it\/it\/servizi-consolari-e-visti\/servizi-per-il-cittadino-italiano\/registrazioni-nascite-matrimoni-divorzi-e-morte\/\" target=\"_blank\" rel=\"noopener\"><strong>registrato la nascita<\/strong><\/a> presso gli Uffici Consolari.<br \/>\nLa <u>registrazione della nascita<\/u> \u00e8 da <u>effettuarsi almeno una settimana prima<\/u> dell\u2019appuntamento per il rilascio del passaporto;<\/li>\n<li>E&#8217; necessario prenotare un appuntamento su <a href=\"https:\/\/prenotami.esteri.it\/\">Prenot@ami.<\/a> Nel caso in cui si richiede un appuntamento per pi\u00f9 persone, compreso il minore, bisogna accertarsi di aver prenotato un appuntamento multiplo e di aver scritto nelle note il numero di persone totali che richiedono il rilascio del passaporto oppure, in alternativa, si potranno prenotare pi\u00f9 appuntamenti singoli;<\/li>\n<li>La presenza all\u2019appuntamento \u00e8 <strong><u>obbligatoria;<\/u><\/strong><\/li>\n<li><strong>I minori devono ottenere il consenso da <u>entrambi<\/u> i genitori<\/strong> anche in caso di separazione, divorzio, convivenza o adozione.<\/li>\n<\/ul>\n<ol>\n<li>Nel caso in cui <u>entrambi i genitori siano in possesso di un passaporto dell\u2019Unione Europea<\/u>, \u00e8 sufficiente che solo uno dei due genitori sia presente <u>in persona<\/u> all\u2019appuntamento. L\u2019adulto presente il giorno dell\u2019appuntamento dovr\u00e0 presentare l\u2019<a href=\"https:\/\/consmelbourne.esteri.it\/wp-content\/uploads\/2023\/04\/ATTO-DI-ASSENSO-Passaporto.pdf\">atto di assenso<\/a>\u00a0firmato dal genitore assente, allegando ad esso la copia del documento d\u2019identit\u00e0 del genitore che d\u00e0 l\u2019assenso (preferibilmente passaporto).<\/li>\n<\/ol>\n<p style=\"text-align: justify;\"><em>Esempio 1:<\/em> Andrea \u00e8 cittadino italiano e Rosa \u00e8 cittadina francese. Andrea e Rosa hanno una figlia, Annalisa, di 7 anni nata in Australia. Andrea e Rosa hanno <u>registrato la nascita della figlia <\/u>presso gli Uffici Consolari e vogliono, ora, richiederne il rilascio del <u>primo <\/u>passaporto.<\/p>\n<p style=\"text-align: justify;\">Il giorno dell\u2019appuntamento, Annalisa <strong>deve<\/strong> essere presente. Non \u00e8 necessario, invece, che <u>entrambi<\/u> i genitori lo siano. Per esempio, se Rosa non pu\u00f2 presentarsi all\u2019appuntamento, Andrea <u>dovra\u2019 obbligatoriamente<\/u> essere presente e dovr\u00e0 portare l\u2019atto di assenso firmato da Rosa, accompagnato da una copia del suo documento d\u2019identita\u2019 (di Rosa).<\/p>\n<p style=\"padding-left: 40px;\">2. Se uno dei genitori <strong>non <\/strong>\u00e8 in possesso di un passaporto dell&#8217;Unione Europea:<\/p>\n<ul>\n<li style=\"list-style-type: none;\">\n<ul>\n<li><strong>Entrambi <\/strong>i genitori devono essere <strong>presenti<\/strong> all\u2019appuntamento;<\/li>\n<li>La firma dell\u2019atto di assenso deve essere fatta <strong><u>in persona in presenza di un addetto consolare.<\/u><\/strong><\/li>\n<\/ul>\n<\/li>\n<\/ul>\n<p style=\"text-align: justify;\"><em>Esempio 2:<\/em> Francesca \u00e8 una cittadina italiana e Paulo \u00e8 un cittadino Brasiliano. Francesca e Paulo hanno un figlio, Leonardo, di 16 anni <u>la cui nascita \u00e8 gia\u2019 stata registrata presso gli Uffici Consolari<\/u>. Francesca e Paulo vogliono richiedere il rilascio del primo passaporto di loro figlio.<\/p>\n<p style=\"text-align: justify;\">Il giorno dell\u2019appuntamento, sia Leonardo sia i suoi genitori dovranno essere obbligatoriamente presenti. Francesca che Paulo <u>dovranno, <\/u>infatti, firmare l\u2019atto di assenso in presenza di un dipendente consolare.<\/p>\n<p style=\"text-align: justify;\">Lista dei <strong>documenti<\/strong>:<\/p>\n<ul>\n<li style=\"text-align: justify;\">2 foto tessere formato passaporto (ottenibile presso Ufficio Postale)<\/li>\n<li style=\"text-align: justify;\">Documento d\u2019identit\u00e0 o precedente passaporto italiano del minore in originale, solo se ne \u00e8 in possesso (la patente australiana <strong>NON <\/strong>\u00e8 riconosciuta come documento d\u2019identit\u00e0)<\/li>\n<li style=\"text-align: justify;\">Fotocopia di un documento di riconoscimento di entrambi i genitori (preferibilmente passaporto)<\/li>\n<li style=\"text-align: justify;\"><a href=\"https:\/\/consmelbourne.esteri.it\/wp-content\/uploads\/2023\/04\/ATTO-DI-ASSENSO-Passaporto.pdf\">Atto di assenso<\/a><\/li>\n<\/ul>\n","protected":false},"excerpt":{"rendered":"Il passaporto per minori fino ai 3 anni ha validit\u00e0 di 3 anni. Il passaporto per minori tra i 3 e i 18 anni ha validit\u00e0 di 5 anni. NOTA BENE: Prima di richiedere il rilascio del primo passaporto del\/della minore, \u00e8 obbligatorio averne registrato la nascita presso gli Uffici Consolari. La registrazione della nascita [&hellip;]","protected":false},"author":6,"featured_media":0,"parent":1033,"menu_order":0,"comment_status":"closed","ping_status":"closed","template":"","meta":{"footnotes":""},"class_list":["post-1054","page","type-page","status-publish","hentry"],"_links":{"self":[{"href":"https:\/\/consmelbourne.esteri.it\/it\/wp-json\/wp\/v2\/pages\/1054","targetHints":{"allow":["GET"]}}],"collection":[{"href":"https:\/\/consmelbourne.esteri.it\/it\/wp-json\/wp\/v2\/pages"}],"about":[{"href":"https:\/\/consmelbourne.esteri.it\/it\/wp-json\/wp\/v2\/types\/page"}],"author":[{"embeddable":true,"href":"https:\/\/consmelbourne.esteri.it\/it\/wp-json\/wp\/v2\/users\/6"}],"replies":[{"embeddable":true,"href":"https:\/\/consmelbourne.esteri.it\/it\/wp-json\/wp\/v2\/comments?post=1054"}],"version-history":[{"count":6,"href":"https:\/\/consmelbourne.esteri.it\/it\/wp-json\/wp\/v2\/pages\/1054\/revisions"}],"predecessor-version":[{"id":3852,"href":"https:\/\/consmelbourne.esteri.it\/it\/wp-json\/wp\/v2\/pages\/1054\/revisions\/3852"}],"up":[{"embeddable":true,"href":"https:\/\/consmelbourne.esteri.it\/it\/wp-json\/wp\/v2\/pages\/1033"}],"wp:attachment":[{"href":"https:\/\/consmelbourne.esteri.it\/it\/wp-json\/wp\/v2\/media?parent=1054"}],"curies":[{"name":"wp","href":"https:\/\/api.w.org\/{rel}","templated":true}]}}