{"id":1033,"date":"2023-04-26T07:08:09","date_gmt":"2023-04-26T05:08:09","guid":{"rendered":"https:\/\/consmelbourne.esteri.it\/?page_id=1033"},"modified":"2025-07-31T06:50:19","modified_gmt":"2025-07-31T04:50:19","slug":"rilascio-e-rinnovo-del-passaporto-italiano","status":"publish","type":"page","link":"https:\/\/consmelbourne.esteri.it\/it\/servizi-consolari-e-visti\/servizi-per-il-cittadino-italiano\/rilascio-e-rinnovo-del-passaporto-italiano\/","title":{"rendered":"Rilascio e rinnovo del Passaporto italiano"},"content":{"rendered":"<p style=\"text-align: justify;\">Il passaporto italiano \u00e8 un documento <strong><u>di viaggio<\/u><\/strong> che \u00e8 possibile richiedere <u>SOLO se si \u00e8 cittadini italiani<\/u>. Se non si \u00e8 cittadini italiani, <u>non \u00e8 possibile<\/u> richiedere il rilascio del passaporto italiano.<\/p>\n<p style=\"text-align: justify;\">NOTA BENE:<\/p>\n<p style=\"text-align: justify;\">Alcuni Paesi richiedono una validit\u00e0 del passaporto di almeno 6 mesi dalla data di ingresso. Si raccomanda di consultare il sito <a href=\"https:\/\/www.viaggiaresicuri.it\/home\" target=\"_blank\" rel=\"noopener\">Viaggiare Sicuri<\/a>, dove sar\u00e0 possibile consultare, per ogni singolo Stato di destinazione, le informazioni aggiornate sui documenti di viaggio richiesti per l\u2019ingresso nel Paese e su eventuali restrizioni e\/o requisiti specifici.<\/p>\n<p style=\"text-align: justify;\">Ottenere il rilascio del passaporto \u00e8 semplice, bastano 3 passaggi:<\/p>\n<ul style=\"text-align: justify;\">\n<li><u>Prenotare un appuntamento <\/u>sul portale online <a href=\"https:\/\/prenotami.esteri.it\/\" target=\"_blank\" rel=\"noopener\">Prenot@mi<\/a>.\u00a0Si informa che i cittadini italiani di et\u00e0 uguale o superiore ai 70 anni non sono tenuti a prenotare un appuntamento per il rilascio o il rinnovo del passaporto, ma potranno presentarsi direttamente presso il Consolato;<\/li>\n<li>Completare il <a href=\"https:\/\/form.jotform.com\/202521075189352\">modulo online\u00a0<\/a> di richiesta passaporto e controllare la <a href=\"https:\/\/consmelbourne.esteri.it\/wp-content\/uploads\/2024\/05\/check-list-passaporto-adulti-da-stampare.pdf\"><u>lista dei documenti<\/u><\/a> da portare all\u2019appuntamento in Consolato.<\/li>\n<li><strong>Confermare l\u2019appuntamento su Prenot@mi<\/strong>.\n<ol>\n<li><u>10 giorni prima dell\u2019appuntamento<\/u> verr\u00e0 inviata una mail di richiesta di conferma;<\/li>\n<li><u>\u00c8 necessario confermare l\u2019appuntamento entro i 3 giorni che lo precedono<\/u>;<\/li>\n<li>In caso di mancata conferma, il sistema cancellera\u2019 automaticamente l\u2019appuntamento.<\/li>\n<\/ol>\n<\/li>\n<\/ul>\n<p style=\"text-align: justify;\"><strong><u>IMPORTANTE: Tutte le persone che richiedono il passaporto devono essere presenti il giorno dell\u2019appuntamento (anche i neonati)<\/u><\/strong>.<\/p>\n<p><strong>IMPORTANTE: ai fini del rinnovo\/rilascio del passaporto <\/strong><strong>\u00e8 <\/strong><strong>strettamente indispensabile registrare tutte le variazioni anagrafiche e di stato civile (indirizzo, stato civile, nascita di figli, matrimoni, divorzi, ecc.).<\/strong><\/p>\n<p>Per saperne di pi\u00f9, <a href=\"https:\/\/consmelbourne.esteri.it\/it\/servizi-consolari-e-visti\/servizi-per-il-cittadino-italiano\/registrazioni-nascite-matrimoni-divorzi-e-morte\/\" target=\"_blank\" rel=\"noopener\">clicca qui.<\/a><\/p>\n<p style=\"text-align: justify;\">Per ulteriori informazioni si rimanda direttamente al sito del <a href=\"https:\/\/www.esteri.it\/it\/\" target=\"_blank\" rel=\"noopener\">Ministero degli Affari Esteri e della Cooperazione Internazionale<\/a> e ai link sotto.<\/p>\n<p><a href=\"https:\/\/consmelbourne.esteri.it\/it\/servizi-consolari-e-visti\/servizi-per-il-cittadino-italiano\/rilascio-e-rinnovo-del-passaporto-italiano\/rilascio-del-passaporto-adulti\/\" target=\"_blank\" rel=\"noopener\"><strong>RILASCIO\/RINNOVO DEL PASSAPORTO \u2013 ADULTI<\/strong><\/a><\/p>\n<p><a href=\"https:\/\/consmelbourne.esteri.it\/it\/servizi-consolari-e-visti\/servizi-per-il-cittadino-italiano\/rilascio-e-rinnovo-del-passaporto-italiano\/rilascio-rinnovo-del-passaporto-italiano-minori-di-18-anni\/\" target=\"_blank\" rel=\"noopener\"><strong>RILASCIO\/RINNOVO DEL PASSAPORTO \u2013 MINORI DI 18 ANNI<\/strong><\/a><\/p>\n","protected":false},"excerpt":{"rendered":"Il passaporto italiano \u00e8 un documento di viaggio che \u00e8 possibile richiedere SOLO se si \u00e8 cittadini italiani. Se non si \u00e8 cittadini italiani, non \u00e8 possibile richiedere il rilascio del passaporto italiano. NOTA BENE: Alcuni Paesi richiedono una validit\u00e0 del passaporto di almeno 6 mesi dalla data di ingresso. Si raccomanda di consultare il [&hellip;]","protected":false},"author":6,"featured_media":0,"parent":82,"menu_order":0,"comment_status":"closed","ping_status":"closed","template":"","meta":{"footnotes":""},"class_list":["post-1033","page","type-page","status-publish","hentry"],"_links":{"self":[{"href":"https:\/\/consmelbourne.esteri.it\/it\/wp-json\/wp\/v2\/pages\/1033","targetHints":{"allow":["GET"]}}],"collection":[{"href":"https:\/\/consmelbourne.esteri.it\/it\/wp-json\/wp\/v2\/pages"}],"about":[{"href":"https:\/\/consmelbourne.esteri.it\/it\/wp-json\/wp\/v2\/types\/page"}],"author":[{"embeddable":true,"href":"https:\/\/consmelbourne.esteri.it\/it\/wp-json\/wp\/v2\/users\/6"}],"replies":[{"embeddable":true,"href":"https:\/\/consmelbourne.esteri.it\/it\/wp-json\/wp\/v2\/comments?post=1033"}],"version-history":[{"count":8,"href":"https:\/\/consmelbourne.esteri.it\/it\/wp-json\/wp\/v2\/pages\/1033\/revisions"}],"predecessor-version":[{"id":4565,"href":"https:\/\/consmelbourne.esteri.it\/it\/wp-json\/wp\/v2\/pages\/1033\/revisions\/4565"}],"up":[{"embeddable":true,"href":"https:\/\/consmelbourne.esteri.it\/it\/wp-json\/wp\/v2\/pages\/82"}],"wp:attachment":[{"href":"https:\/\/consmelbourne.esteri.it\/it\/wp-json\/wp\/v2\/media?parent=1033"}],"curies":[{"name":"wp","href":"https:\/\/api.w.org\/{rel}","templated":true}]}}