{"id":1001,"date":"2023-04-21T03:40:26","date_gmt":"2023-04-21T01:40:26","guid":{"rendered":"https:\/\/consmelbourne.esteri.it\/?page_id=1001"},"modified":"2026-01-29T05:49:02","modified_gmt":"2026-01-29T04:49:02","slug":"festivita","status":"publish","type":"page","link":"https:\/\/consmelbourne.esteri.it\/it\/chi-siamo\/la-sede\/festivita\/","title":{"rendered":"Calendario delle Festivit\u00e0 2026"},"content":{"rendered":"<p>Il consolato Generale d&#8217;Italia a Melbourne sar\u00e0 chiuso nei seguenti giorni per festivit\u00e0:<\/p>\n<table class=\"table\">\n<tbody>\n<tr>\n<td><strong>DATA<\/strong><\/td>\n<td><strong>FESTIVITA&#8217;<\/strong><\/td>\n<\/tr>\n<tr>\n<td>Luned\u00ec 26 gennaio<\/td>\n<td>Australia Day<\/td>\n<\/tr>\n<tr>\n<td>Luned\u00ec 9 marzo<\/td>\n<td>Festa del lavoro<\/td>\n<\/tr>\n<tr>\n<td>Venerd\u00ec 3 aprile<\/td>\n<td>Venerd\u00ec Santo<\/td>\n<\/tr>\n<tr>\n<td>Luned\u00ec 6 aprile<\/td>\n<td>Luned\u00ec dell&#8217;Angelo<\/td>\n<\/tr>\n<tr>\n<td>Sabato 25 aprile<\/td>\n<td>ANZAC Day<\/td>\n<\/tr>\n<tr>\n<td>Marted\u00ec 2 giugno<\/td>\n<td>Festa della Repubblica<\/td>\n<\/tr>\n<tr>\n<td>Luned\u00ec 8 giugno<\/td>\n<td>Genetliaco\u00a0del Re<\/td>\n<\/tr>\n<tr>\n<td>Marted\u00ec 3 novembre<\/td>\n<td>Melbourne Cup<\/td>\n<\/tr>\n<tr>\n<td>Venerd\u00ec 25 dicembre<\/td>\n<td>Natale<\/td>\n<\/tr>\n<tr>\n<td>Luned\u00ec 26 dicembre<\/td>\n<td>Santo Stefano<\/td>\n<\/tr>\n<\/tbody>\n<\/table>\n<p>&nbsp;<\/p>\n","protected":false},"excerpt":{"rendered":"Il consolato Generale d&#8217;Italia a Melbourne sar\u00e0 chiuso nei seguenti giorni per festivit\u00e0: DATA FESTIVITA&#8217; Luned\u00ec 26 gennaio Australia Day Luned\u00ec 9 marzo Festa del lavoro Venerd\u00ec 3 aprile Venerd\u00ec Santo Luned\u00ec 6 aprile Luned\u00ec dell&#8217;Angelo Sabato 25 aprile ANZAC Day Marted\u00ec 2 giugno Festa della Repubblica Luned\u00ec 8 giugno Genetliaco\u00a0del Re Marted\u00ec 3 novembre [&hellip;]","protected":false},"author":6,"featured_media":0,"parent":76,"menu_order":0,"comment_status":"closed","ping_status":"closed","template":"","meta":{"footnotes":""},"class_list":["post-1001","page","type-page","status-publish","hentry"],"_links":{"self":[{"href":"https:\/\/consmelbourne.esteri.it\/it\/wp-json\/wp\/v2\/pages\/1001","targetHints":{"allow":["GET"]}}],"collection":[{"href":"https:\/\/consmelbourne.esteri.it\/it\/wp-json\/wp\/v2\/pages"}],"about":[{"href":"https:\/\/consmelbourne.esteri.it\/it\/wp-json\/wp\/v2\/types\/page"}],"author":[{"embeddable":true,"href":"https:\/\/consmelbourne.esteri.it\/it\/wp-json\/wp\/v2\/users\/6"}],"replies":[{"embeddable":true,"href":"https:\/\/consmelbourne.esteri.it\/it\/wp-json\/wp\/v2\/comments?post=1001"}],"version-history":[{"count":7,"href":"https:\/\/consmelbourne.esteri.it\/it\/wp-json\/wp\/v2\/pages\/1001\/revisions"}],"predecessor-version":[{"id":4952,"href":"https:\/\/consmelbourne.esteri.it\/it\/wp-json\/wp\/v2\/pages\/1001\/revisions\/4952"}],"up":[{"embeddable":true,"href":"https:\/\/consmelbourne.esteri.it\/it\/wp-json\/wp\/v2\/pages\/76"}],"wp:attachment":[{"href":"https:\/\/consmelbourne.esteri.it\/it\/wp-json\/wp\/v2\/media?parent=1001"}],"curies":[{"name":"wp","href":"https:\/\/api.w.org\/{rel}","templated":true}]}}